{"id":974,"date":"2022-02-08T01:32:08","date_gmt":"2022-02-07T22:32:08","guid":{"rendered":"https:\/\/bilimsaglik.com.tr\/dr-hasan-senol\/"},"modified":"2022-02-08T01:32:42","modified_gmt":"2022-02-07T22:32:42","slug":"dr-hasan-senol","status":"publish","type":"page","link":"https:\/\/bilimsaglik.com.tr\/en\/dr-hasan-senol\/","title":{"rendered":"Dr.Hasan \u015eenol"},"content":{"rendered":"\t\t<div data-elementor-type=\"wp-page\" data-elementor-id=\"974\" class=\"elementor elementor-974 elementor-756\">\n\t\t\t\t\t\t\t\t\t<section class=\"elementor-section elementor-top-section elementor-element elementor-element-2aafe71d elementor-section-boxed elementor-section-height-default elementor-section-height-default mkdf-parallax-row-no mkdf-content-aligment-left mkdf-elementor-row-grid-no mkdf-disabled-bg-image-bellow-no\" data-id=\"2aafe71d\" data-element_type=\"section\">\n\t\t\t\t\t\t<div class=\"elementor-container elementor-column-gap-default\">\n\t\t\t\t\t<div class=\"elementor-column elementor-col-100 elementor-top-column elementor-element elementor-element-6804dd46\" data-id=\"6804dd46\" data-element_type=\"column\">\n\t\t\t<div class=\"elementor-widget-wrap elementor-element-populated\">\n\t\t\t\t\t\t\t\t<div class=\"elementor-element elementor-element-fb602ff elementor-widget elementor-widget-text-editor\" data-id=\"fb602ff\" data-element_type=\"widget\" data-widget_type=\"text-editor.default\">\n\t\t\t\t<div class=\"elementor-widget-container\">\n\t\t\t<style>\/*! elementor - v3.8.0 - 30-10-2022 *\/\n.elementor-widget-text-editor.elementor-drop-cap-view-stacked .elementor-drop-cap{background-color:#818a91;color:#fff}.elementor-widget-text-editor.elementor-drop-cap-view-framed .elementor-drop-cap{color:#818a91;border:3px solid;background-color:transparent}.elementor-widget-text-editor:not(.elementor-drop-cap-view-default) .elementor-drop-cap{margin-top:8px}.elementor-widget-text-editor:not(.elementor-drop-cap-view-default) .elementor-drop-cap-letter{width:1em;height:1em}.elementor-widget-text-editor .elementor-drop-cap{float:left;text-align:center;line-height:1;font-size:50px}.elementor-widget-text-editor .elementor-drop-cap-letter{display:inline-block}<\/style>\t\t\t\t<\/p>\n<p>Founding President of Bilim Healthcare Group Dr. Hasan Senol was born in 1961 in Isparta. He spent his childhood and education life with his social and economic struggle by working due to the economic difficulties he experienced. He completed his secondary and high school education as a boarding student, graduating from Eski\u015fehir Maarif College. <\/p>\n<p>Nicknamed &#8220;Grandfather&#8221; by his friends due to his social-cultural skills and leadership qualities, Dr. Hasan \u015eenol successfully graduated from Dokuz Eyl\u00fcl University Faculty of Economics and Administrative Sciences Department of Business Administration and Ankara University Faculty of Medicine with his passion for knowledge and science. After graduating from the Faculty of Medicine, he completed his specialization in Eski\u015fehir Osmangazi University, Department of Radiology and received the title of &#8220;Specialist Doctor&#8221;. Hasan \u015eenol continued his studies as a lecturer at S\u00fcleyman Demirel University for one year. <\/p>\n<p>Into his life; he mainly made researches and wrote articles about &#8220;Medical Physics-Atomic Physics&#8221;, &#8220;Economic, Cultural and Psychological Effects of Production Relations on Human and Society&#8221;, &#8220;Theology and Parapsychology&#8221;, &#8220;Pre-Islamic Turkish History and Turkish Culture&#8221;. Dr. Hasan \u015eenol opened the first radiology clinic of the Mediterranean Region by taking the first step of a long adventure that would turn into Bilim Healthcare Group in the future with his company he founded in 1992. <\/p>\n<p>Bilim continued to invest in private medical imaging centers until 2004. After 2004, with the implementation of service procurement method by the Ministry of Health of Turkey, Bilim signed one of the first private healthcare services investments that will lead the &#8220;Public-Private Partnership&#8221; program. Having held various educational and medical seminars in countries such as America, England, Germany and Italy, and having numerous books on positive sciences and humanities in his library, which adopts &#8220;life-long education as a philosophy of life, D.R. Hasan \u015eenol made the first radiotherapy investment of Bilim Health Services Group in 2017, in addition to medical imaging investments. <\/p>\n<p>Dr. Hasan \u015eenol decided to strengthen its presence as Bilim Healthcare Group in the fight against cancer and continue their investments in both diagnosis and treatment. As the Chairman of the Board of Bilim Healthcare Group, with the investment he made in Turkey, he has increased his market share in the field of health. After he increased the market share of Bilim, he started his foreign investment studies by participating in events such as Hestourex Health Fairs, Bosnia Health Fair, Public-Private Partnership (PPP) Health and Finance Summit.  He is married and has two children and is a congress member of Fenerbahce Spor Kul\u00fcb\u00fc. Hasan \u015eenol died in November 2020 as a result of the unfortunate illness he caught. He was sent off on his last journey in Isparta, where he was born, with his employees, family and loved ones of the Bilim Healthcare Group, to which he devoted his life. Hasan \u015eenol continues to live in our hearts with the people he touched with his countless teachings and the values he added, with the Bilim Healthcare Group, which he founded. <\/p>\n<div> <\/div><\/p>\n\t\t\t\t\t\t<\/div>\n\t\t\t\t<\/div>\n\t\t\t\t\t<\/div>\n\t\t<\/div>\n\t\t\t\t\t\t\t<\/div>\n\t\t<\/section>\n\t\t\t\t\t\t\t<\/div>\n\t\t","protected":false},"excerpt":{"rendered":"<p>Founding President of Bilim Healthcare Group Dr. Hasan Senol was born in 1961 in Isparta. He spent his childhood and education life with his social and economic struggle by working due to the economic difficulties he experienced. He completed his [&hellip;]<\/p>\n","protected":false},"author":1,"featured_media":0,"parent":0,"menu_order":0,"comment_status":"closed","ping_status":"closed","template":"","meta":{"footnotes":""},"class_list":["post-974","page","type-page","status-publish","hentry"],"_links":{"self":[{"href":"https:\/\/bilimsaglik.com.tr\/en\/wp-json\/wp\/v2\/pages\/974","targetHints":{"allow":["GET"]}}],"collection":[{"href":"https:\/\/bilimsaglik.com.tr\/en\/wp-json\/wp\/v2\/pages"}],"about":[{"href":"https:\/\/bilimsaglik.com.tr\/en\/wp-json\/wp\/v2\/types\/page"}],"author":[{"embeddable":true,"href":"https:\/\/bilimsaglik.com.tr\/en\/wp-json\/wp\/v2\/users\/1"}],"replies":[{"embeddable":true,"href":"https:\/\/bilimsaglik.com.tr\/en\/wp-json\/wp\/v2\/comments?post=974"}],"version-history":[{"count":4,"href":"https:\/\/bilimsaglik.com.tr\/en\/wp-json\/wp\/v2\/pages\/974\/revisions"}],"predecessor-version":[{"id":978,"href":"https:\/\/bilimsaglik.com.tr\/en\/wp-json\/wp\/v2\/pages\/974\/revisions\/978"}],"wp:attachment":[{"href":"https:\/\/bilimsaglik.com.tr\/en\/wp-json\/wp\/v2\/media?parent=974"}],"curies":[{"name":"wp","href":"https:\/\/api.w.org\/{rel}","templated":true}]}}